{"id":9741,"date":"2014-11-29T10:10:08","date_gmt":"2014-11-29T10:10:08","guid":{"rendered":"http:\/\/construction.vamtam.com\/?page_id=9741"},"modified":"2026-04-14T13:02:24","modified_gmt":"2026-04-14T11:02:24","slug":"standard-jetpack-gallery","status":"publish","type":"page","link":"https:\/\/www.hospizgruppe-donau-ries.de\/?page_id=9741","title":{"rendered":"\u00d6ffentlichkeit"},"content":{"rendered":"\n<h2 class=\"wp-block-heading\"><\/h2>\n\n\n<h2>\u00a0<\/h2>\n<h2>Vortrag: Meiner Trauer Raum geben<\/h2>\n<p>Donnerstag, 07. Mai \/ 19:00 Uhr<\/p>\n<p>Evang. Gemeindehaus Harburg, N\u00f6rdlinger Stra\u00dfe 24<\/p>\n<h5><strong><span style=\"color: #ff0000;\">ohne Anmeldung\u00a0<\/span><\/strong><\/h5>\n<p>Was kann hilfreich sein in Zeiten des Abschiednehmens und des Schmerzes?<\/p>\n<p>Anschlie\u00dfend ist Zeit f\u00fcr Gespr\u00e4che und einen Austausch.<\/p>\n<p>Unsere TrauerbegleiterInnen stellen die Angebote der Hospizgruppe vor.<\/p>\n<p>Flyer:\u00a0 <a href=\"https:\/\/www.hospizgruppe-donau-ries.de\/wp-content\/uploads\/2026\/04\/1776067002096.jpg\">Meiner Trauer Raum geben.jpg<\/a><\/p>\n<p>__________________________________________________________________________________________________________<\/p>\n<p>\u00a0<\/p>\n<h2>Offener Trauergespr\u00e4chskreis im\u00a0B\u00fcrgerzentrum M\u00f6ttingen, Dorfplatz 12,\u00a0in 86753 M\u00f6ttingen<\/h2>\n<p>Uhrzeit:\u00a015:00 bis 17:oo Uhr<\/p>\n<p>Die folgenden Termine finden jeden 1. Donnerstag im Monat statt: <a href=\"https:\/\/www.hospizgruppe-donau-ries.de\/wp-content\/uploads\/2025\/12\/Trauertreff-offen_Termine-2026_Moettingen.pdf\">Trauertreff offen_Termine 2026_M\u00f6ttingen<\/a><\/p>\n<p><span style=\"color: #ff0000;\">\u00a0<\/span><\/p>\n<p><u> <\/u>__________________________________________________________________________________<\/p>\n<h2>Spazierg\u00e4nge f\u00fcr Trauernde<\/h2>\n<p>Termin:\u00a0 \u00a0 \u00a0 \u00a0 <strong>jeden 3. Samstag im Monat\u00a0\u00a0<\/strong> \u00a0\u00a0<span style=\"color: #ff0000;\"><br \/><\/span><\/p>\n<p style=\"text-align: left;\">Ort:\u00a0 \u00a0 \u00a0 \u00a0 \u00a0 \u00a0 \u00a0 \u00a0<strong>Eisbrunn 1, Harburg\u00a0<br \/><\/strong><\/p>\n<p>Treffpunkt:\u00a0 <strong>Parkplatz am Eisbrunn<br \/><\/strong><\/p>\n<p>Uhrzeit:\u00a0 \u00a0 \u00a0 \u00a0 <strong>14 Uhr, ca. 1 -1,5 Std. \u00a0<br \/><\/strong><\/p>\n<p>Genaue Informationen finden sie hier: <a href=\"https:\/\/www.hospizgruppe-donau-ries.de\/wp-content\/uploads\/2025\/12\/Samstagsspaziergang-_2026.pdf\">Samstagsspaziergang _Termine<\/a><!--more--><!--more--><\/p>\n<p>_______________________________________________________________________________________________________________<\/p>\n<h2>Vortrag: Die letzte Reise &#8211; Sterben f\u00fcr Anf\u00e4nger<\/h2>\n<p>Termin:\u00a0 \u00a0 \u00a0 18. April 2026<\/p>\n<p>Ort:\u00a0 \u00a0 \u00a0 Kapitelsaal, N\u00f6rdlingen\u00a0 (Pfarrgasse 5) <b>\u00a0 \u00a0 \u00a0 \u00a0<\/b><\/p>\n<p>Uhrzeit:\u00a0 \u00a0 \u00a0 14.00-17.00 Uhr<\/p>\n<p>Anmeldungen \u00fcber das Evangelische Erwachsenen Bildungswerk Donau Ries (EEB) E-Mail: eeb.donau-ries@elkb.de, oder Telefon: 09081-7887951<\/p>\n<p>Bitte lesen Sie hier:\u00a0<a href=\"https:\/\/www.hospizgruppe-donau-ries.de\/wp-content\/uploads\/2026\/03\/2025_Flyer_die-letzte-Reise.pdf\">2025_Flyer_die letzte Reise<\/a><\/p>\n<p>________________________________________________________________________________________________________________<\/p>\n<h4>W<\/h4>\n<p>Termin:\u00a0 \u00a0 \u00a0 \u00a0 \u00a0\u00a0<\/p>\n<p>Ort:\u00a0 \u00a0 \u00a0 \u00a0 \u00a0 \u00a0 \u00a0 \u00a0 \u00a0<\/p>\n<p>Uhrzeit:\u00a0 \u00a0 \u00a0 \u00a0\u00a0<\/p>\n<p>Bitte lesen Sie hier:\u00a0<\/p>\n<p>________________________________________________________________________________________________________________<\/p>\n<h4>W<\/h4>\n<p>Termin:\u00a0 \u00a0\u00a0<\/p>\n<p>Ort:\u00a0 \u00a0 \u00a0 \u00a0 \u00a0\u00a0\u00a0 \u00a0\u00a0<\/p>\n<p>Uhrzeit:\u00a0 \u00a0\u00a0<\/p>\n<p>Bitte lesen Sie hier:\u00a0<\/p>\n<p>&#8212;&#8212;&#8212;&#8212;&#8212;&#8212;&#8212;&#8211;<\/p>\n\n\n<p><\/p>\n","protected":false},"excerpt":{"rendered":"<p>\u00a0 Vortrag: Meiner Trauer Raum geben Donnerstag, 07. Mai \/ 19:00 Uhr Evang. Gemeindehaus Harburg, N\u00f6rdlinger Stra\u00dfe 24 ohne Anmeldung\u00a0 Was kann hilfreich sein in Zeiten des Abschiednehmens und des Schmerzes? Anschlie\u00dfend ist Zeit f\u00fcr Gespr\u00e4che und einen Austausch. Unsere TrauerbegleiterInnen stellen die Angebote der Hospizgruppe vor. Flyer:\u00a0 Meiner Trauer Raum geben.jpg __________________________________________________________________________________________________________ \u00a0 Offener&#8230;<\/p>\n","protected":false},"author":1,"featured_media":0,"parent":0,"menu_order":0,"comment_status":"closed","ping_status":"closed","template":"","meta":{"footnotes":""},"class_list":["post-9741","page","type-page","status-publish","hentry"],"_links":{"self":[{"href":"https:\/\/www.hospizgruppe-donau-ries.de\/index.php?rest_route=\/wp\/v2\/pages\/9741","targetHints":{"allow":["GET"]}}],"collection":[{"href":"https:\/\/www.hospizgruppe-donau-ries.de\/index.php?rest_route=\/wp\/v2\/pages"}],"about":[{"href":"https:\/\/www.hospizgruppe-donau-ries.de\/index.php?rest_route=\/wp\/v2\/types\/page"}],"author":[{"embeddable":true,"href":"https:\/\/www.hospizgruppe-donau-ries.de\/index.php?rest_route=\/wp\/v2\/users\/1"}],"replies":[{"embeddable":true,"href":"https:\/\/www.hospizgruppe-donau-ries.de\/index.php?rest_route=%2Fwp%2Fv2%2Fcomments&post=9741"}],"version-history":[{"count":228,"href":"https:\/\/www.hospizgruppe-donau-ries.de\/index.php?rest_route=\/wp\/v2\/pages\/9741\/revisions"}],"predecessor-version":[{"id":13891,"href":"https:\/\/www.hospizgruppe-donau-ries.de\/index.php?rest_route=\/wp\/v2\/pages\/9741\/revisions\/13891"}],"wp:attachment":[{"href":"https:\/\/www.hospizgruppe-donau-ries.de\/index.php?rest_route=%2Fwp%2Fv2%2Fmedia&parent=9741"}],"curies":[{"name":"wp","href":"https:\/\/api.w.org\/{rel}","templated":true}]}}