{"id":9640,"date":"2014-11-11T11:22:42","date_gmt":"2014-11-11T10:22:42","guid":{"rendered":"http:\/\/construction.vamtam.com\/?page_id=9640"},"modified":"2015-07-02T12:42:23","modified_gmt":"2015-07-02T10:42:23","slug":"pricing","status":"publish","type":"page","link":"https:\/\/www.hospizgruppe-donau-ries.de\/?page_id=9640","title":{"rendered":"Wer wir sind"},"content":{"rendered":"<div class=\"push \" style=\"height:30px\"><\/div>\n<div class=\"push \" style=\"height:30px\"><\/div>\n<div class=\"limit-wrapper\"><div class=\"row \"><div class=\"wpv-grid grid-1-1  wpv-first-level first unextended no-extended-padding\" style=\"padding-top:0.05px;padding-bottom:0.05px;\" id=\"wpv-column-f070b622097845003a15527ad6e9930a\" ><h2 style=\"text-align: left;\">Wer wir sind<\/h2><\/div><\/div><\/div>\n<div class=\"limit-wrapper\"><div class=\"row \"><div class=\"wpv-grid grid-1-1  wpv-first-level first unextended no-extended-padding\" style=\"padding-top:0.05px;padding-bottom:0.05px;\" id=\"wpv-column-36a199cfab97b33ff09e75c7aaded1df\" ><p>Gegr\u00fcndet wurde die Hospizgruppe Donau-Ries im November 1999. Wir sind ein eingetragener Verein, als gemeinn\u00fctzig anerkannt und haben im Sommer 2011 das 250. Mitglied begr\u00fc\u00dft. Wir sind im gesamten Landkreis Donau-Ries t\u00e4tig.<\/p>\n<p>Hinter der Gr\u00fcndung stand die Motivation Schwerkranke, Sterbende und ihre Angeh\u00f6rigen in ihrer letzten Lebenszeit nicht allein zu lassen. Der Verein setzt sich zusammen aus aktiven und passiven Mitgliedern. Er wird von einem gesch\u00e4ftsf\u00fchrenden ehrenamtlichen Vorstand geleitet.<\/p>\n<p>Inzwischen sind seit dem ersten Ausbildungskurs im Jahr 2003 \u00fcber 60 aktiv t\u00e4tige HospizbegleiterInnen regelm\u00e4\u00dfig f\u00fcr uns im Einsatz.<\/div><\/div><\/div>\n<div class=\"push \" style=\"height:30px\"><\/div>\n<div class=\"push \" style=\"height:30px\"><\/div>\n","protected":false},"excerpt":{"rendered":"","protected":false},"author":1,"featured_media":0,"parent":0,"menu_order":0,"comment_status":"closed","ping_status":"closed","template":"","meta":{"footnotes":""},"class_list":["post-9640","page","type-page","status-publish","hentry"],"_links":{"self":[{"href":"https:\/\/www.hospizgruppe-donau-ries.de\/index.php?rest_route=\/wp\/v2\/pages\/9640","targetHints":{"allow":["GET"]}}],"collection":[{"href":"https:\/\/www.hospizgruppe-donau-ries.de\/index.php?rest_route=\/wp\/v2\/pages"}],"about":[{"href":"https:\/\/www.hospizgruppe-donau-ries.de\/index.php?rest_route=\/wp\/v2\/types\/page"}],"author":[{"embeddable":true,"href":"https:\/\/www.hospizgruppe-donau-ries.de\/index.php?rest_route=\/wp\/v2\/users\/1"}],"replies":[{"embeddable":true,"href":"https:\/\/www.hospizgruppe-donau-ries.de\/index.php?rest_route=%2Fwp%2Fv2%2Fcomments&post=9640"}],"version-history":[{"count":29,"href":"https:\/\/www.hospizgruppe-donau-ries.de\/index.php?rest_route=\/wp\/v2\/pages\/9640\/revisions"}],"predecessor-version":[{"id":10844,"href":"https:\/\/www.hospizgruppe-donau-ries.de\/index.php?rest_route=\/wp\/v2\/pages\/9640\/revisions\/10844"}],"wp:attachment":[{"href":"https:\/\/www.hospizgruppe-donau-ries.de\/index.php?rest_route=%2Fwp%2Fv2%2Fmedia&parent=9640"}],"curies":[{"name":"wp","href":"https:\/\/api.w.org\/{rel}","templated":true}]}}