{"id":8022,"date":"2014-07-04T23:11:40","date_gmt":"2014-07-04T23:11:40","guid":{"rendered":"http:\/\/construction.vamtam.com\/?page_id=8022"},"modified":"2021-10-24T16:58:34","modified_gmt":"2021-10-24T14:58:34","slug":"clients","status":"publish","type":"page","link":"https:\/\/www.hospizgruppe-donau-ries.de\/?page_id=8022","title":{"rendered":"Die Hospizidee"},"content":{"rendered":"<div class=\"limit-wrapper\"><div class=\"row \"><div class=\"wpv-grid grid-1-1  wpv-first-level first unextended no-extended-padding\" style=\"padding-top:0.05px;padding-bottom:0.05px;\" id=\"wpv-column-acae0e6a76b8f07767d68fea13b818a9\" ><h2>Die Hospizidee &#8211; Wurzeln der Hospizbewegung<\/h2><\/div><\/div><\/div>\n<div class=\"limit-wrapper\"><div class=\"row \"><div class=\"wpv-grid grid-1-1  wpv-first-level first unextended no-extended-padding\" style=\"padding-top:0.05px;padding-bottom:0.05px;\" id=\"wpv-column-629c302bca7b30f35ab322a2502167a5\" ><p>Die moderne westliche Hospizbewegung hat ihre Wurzeln im angels\u00e4chsischen Raum. Sie hat ihren Ursprung im medizinischen Bereich und wurde von Beginn an getragen von Frauen auf der Basis von christlichen Wertvorstellungen. Die Forschungen der englischen Krankenschwester und \u00c4rztin Dr. med. Cicely Saunders und ihrer Kollegin Dr. med. Elisabeth K\u00fcbler-Ross waren wegweisend.<\/p>\n<p>Cicely Saunders ist eine vielzitierte Ikone der Hospizbewegung und wird h\u00e4ufig als Gr\u00fcnderin der Hospizbewegung genannt. Sie er\u00f6ffnete 1967 in London das &#8218;St. Christopher&#8217;s\u00a0 Hospice&#8216;. Saunders Ver\u00f6ffentlichungen haben gro\u00dfen Anteil daran, dass es seit Ende der sechziger Jahre zu umw\u00e4lzenden Ver\u00e4nderungen im Umgang mit dem Tabu-Thema Tod kam.<\/p>\n<div>Cicely Saunders war in England eine treibende Kraft der Hospiz-Bewegung und die Schweizerin Elisabeth K\u00fcbler-Ross in den USA. Im Jahr 1969 erschien das Buch \u201eOn death and dying\u201c (\u201eInterviews mit Sterbenden\u201c) von Elisabeth K\u00fcbler-Ross, in dem sie das Phasenmodell des Sterbeprozesses vorstellte, und zahlreiche, f\u00fcr die Hospizbewegung wegbereitende Impulse gegeben hat. Elisabeth K\u00fcbler-Ross hat die Entwicklung der Hospiz-Bewegung in den USA durch medizinische Forschung, Fort-und Weiterbildung f\u00fcr medizinisches und pflegendes Personal und Ehrenamtliche sowie durch zahlreiche Workshops ma\u00dfgeblich mit gestaltet.<\/div>\n<p>Die Grundgedanken der Hospizphilosophie werden in unterschiedlichen Organisationsformen und Strukturen umgesetzt<\/p>\n<ul>\n<li>im station\u00e4ren Hospiz: Wenn die Betreuung zu Hause nicht mehr in ausreichendem Ma\u00dfe m\u00f6glich ist, bietet es eine 24 Stunden Betreuung in kleinen Pflegeeinheiten in famili\u00e4rer Atmosph\u00e4re.<\/li>\n<li>im Tageshospiz: Hier k\u00f6nnen Betroffene tags\u00fcber betreut werden, um dann abends wieder nach Hause gebracht und dort versorgt zu werden.<\/li>\n<li>durch ambulanten Hospizdienst: Ehrenamtliche MitarbeiterInnen betreuen den Sterbenden und seine Angeh\u00f6rigen im h\u00e4uslichen Bereich.<\/li>\n<\/ul>\n<p>Hospizarbeit zielt im Weiteren darauf die Themen \u201cSterben, Tod und Trauer\u201d wieder mehr im Bewusstsein unserer Gesellschaft zu verankern.<\/div><\/div><\/div>\n<div class=\"push \" style=\"height:30px\"><\/div>\n","protected":false},"excerpt":{"rendered":"","protected":false},"author":1,"featured_media":0,"parent":10593,"menu_order":0,"comment_status":"closed","ping_status":"open","template":"","meta":{"footnotes":""},"class_list":["post-8022","page","type-page","status-publish","hentry"],"_links":{"self":[{"href":"https:\/\/www.hospizgruppe-donau-ries.de\/index.php?rest_route=\/wp\/v2\/pages\/8022","targetHints":{"allow":["GET"]}}],"collection":[{"href":"https:\/\/www.hospizgruppe-donau-ries.de\/index.php?rest_route=\/wp\/v2\/pages"}],"about":[{"href":"https:\/\/www.hospizgruppe-donau-ries.de\/index.php?rest_route=\/wp\/v2\/types\/page"}],"author":[{"embeddable":true,"href":"https:\/\/www.hospizgruppe-donau-ries.de\/index.php?rest_route=\/wp\/v2\/users\/1"}],"replies":[{"embeddable":true,"href":"https:\/\/www.hospizgruppe-donau-ries.de\/index.php?rest_route=%2Fwp%2Fv2%2Fcomments&post=8022"}],"version-history":[{"count":24,"href":"https:\/\/www.hospizgruppe-donau-ries.de\/index.php?rest_route=\/wp\/v2\/pages\/8022\/revisions"}],"predecessor-version":[{"id":12548,"href":"https:\/\/www.hospizgruppe-donau-ries.de\/index.php?rest_route=\/wp\/v2\/pages\/8022\/revisions\/12548"}],"up":[{"embeddable":true,"href":"https:\/\/www.hospizgruppe-donau-ries.de\/index.php?rest_route=\/wp\/v2\/pages\/10593"}],"wp:attachment":[{"href":"https:\/\/www.hospizgruppe-donau-ries.de\/index.php?rest_route=%2Fwp%2Fv2%2Fmedia&parent=8022"}],"curies":[{"name":"wp","href":"https:\/\/api.w.org\/{rel}","templated":true}]}}