{"id":7774,"date":"2014-04-23T10:34:55","date_gmt":"2014-04-23T08:34:55","guid":{"rendered":"http:\/\/construction.vamtam.com\/?page_id=7774"},"modified":"2016-06-23T15:41:56","modified_gmt":"2016-06-23T13:41:56","slug":"team","status":"publish","type":"page","link":"https:\/\/www.hospizgruppe-donau-ries.de\/?page_id=7774","title":{"rendered":"Wer wir sind"},"content":{"rendered":"<div class=\"limit-wrapper\"><div class=\"row \"><div class=\"wpv-grid grid-1-1  wpv-first-level first unextended no-extended-padding\" style=\"padding-top:0.05px;padding-bottom:0.05px;\" id=\"wpv-column-5796cba997f3cdc57bc76355dd618f91\" ><h2>Die Hospizgruppe Donau-Ries<br \/>\nstellt sich vor<\/h2><\/div><\/div><\/div>\n<div class=\"limit-wrapper\"><div class=\"row \"><div class=\"wpv-grid grid-1-1  wpv-first-level first unextended no-extended-padding\" style=\"padding-top:0.05px;padding-bottom:0.05px;\" id=\"wpv-column-c3160d2c45313111123330d03e3de75c\" ><p>Gegr\u00fcndet wurde die Hospizgruppe im November 1999. Wir sind ein eingetragener Verein, als gemeinn\u00fctzig anerkannt und haben im Sommer 2011 das 200. Mitglied begr\u00fc\u00dft.<\/p>\n<p>Hinter der Gr\u00fcndung stand die Motivation Schwerkranke, Sterbende und ihre Angeh\u00f6rigen in ihrer letzten Lebenszeit nicht allein zu lassen. Der Verein setzt sich zusammen aus aktiven und passiven Mitgliedern. Er wird von einem gesch\u00e4ftsf\u00fchrenden Vorstand geleitet.<\/div><\/div><\/div>\n<div class=\"push \" style=\"height:30px\"><\/div>\n<div class=\"push \" style=\"height:30px\"><\/div>\n","protected":false},"excerpt":{"rendered":"","protected":false},"author":1,"featured_media":0,"parent":9640,"menu_order":0,"comment_status":"closed","ping_status":"closed","template":"","meta":{"footnotes":""},"class_list":["post-7774","page","type-page","status-publish","hentry"],"_links":{"self":[{"href":"https:\/\/www.hospizgruppe-donau-ries.de\/index.php?rest_route=\/wp\/v2\/pages\/7774","targetHints":{"allow":["GET"]}}],"collection":[{"href":"https:\/\/www.hospizgruppe-donau-ries.de\/index.php?rest_route=\/wp\/v2\/pages"}],"about":[{"href":"https:\/\/www.hospizgruppe-donau-ries.de\/index.php?rest_route=\/wp\/v2\/types\/page"}],"author":[{"embeddable":true,"href":"https:\/\/www.hospizgruppe-donau-ries.de\/index.php?rest_route=\/wp\/v2\/users\/1"}],"replies":[{"embeddable":true,"href":"https:\/\/www.hospizgruppe-donau-ries.de\/index.php?rest_route=%2Fwp%2Fv2%2Fcomments&post=7774"}],"version-history":[{"count":54,"href":"https:\/\/www.hospizgruppe-donau-ries.de\/index.php?rest_route=\/wp\/v2\/pages\/7774\/revisions"}],"predecessor-version":[{"id":10718,"href":"https:\/\/www.hospizgruppe-donau-ries.de\/index.php?rest_route=\/wp\/v2\/pages\/7774\/revisions\/10718"}],"up":[{"embeddable":true,"href":"https:\/\/www.hospizgruppe-donau-ries.de\/index.php?rest_route=\/wp\/v2\/pages\/9640"}],"wp:attachment":[{"href":"https:\/\/www.hospizgruppe-donau-ries.de\/index.php?rest_route=%2Fwp%2Fv2%2Fmedia&parent=7774"}],"curies":[{"name":"wp","href":"https:\/\/api.w.org\/{rel}","templated":true}]}}