{"id":4,"date":"2013-03-15T12:36:27","date_gmt":"2013-03-15T12:36:27","guid":{"rendered":"http:\/\/construction.vamtam.com\/?page_id=4"},"modified":"2022-09-09T09:30:13","modified_gmt":"2022-09-09T07:30:13","slug":"home","status":"publish","type":"page","link":"https:\/\/www.hospizgruppe-donau-ries.de\/","title":{"rendered":"Start"},"content":{"rendered":"<div class=\"push \" style=\"height:30px\"><\/div>\n<div class=\"push \" style=\"height:30px\"><\/div>\n<div class=\"limit-wrapper\"><div class=\"row \"><div class=\"wpv-grid grid-3-4  wpv-first-level first unextended no-extended-padding\" style=\"padding-top:0.05px;padding-bottom:0.05px;\" id=\"wpv-column-cd51590b234b55c59ffd953aaf5738b1\" ><h2 class=\"regular-title-wrapper\">Hospizgruppe Donau-Ries e.V.<\/h2>\n<h2 class=\"regular-title-wrapper\">Begleitung Sterbender und schwer erkrankter Menschen im Landkreis Donau-Ries<br \/>\n<span style=\"font-size: 16px;\">(von Donauw\u00f6rth bis N\u00f6rdlingen, von Oettingen \u00fcber Wemding bis nach Rain am Lech)<\/span><\/h2><\/div>\n<div class=\"wpv-grid grid-1-4  wpv-first-level unextended no-extended-padding\" style=\"padding-top:0.05px;padding-bottom:0.05px;\" id=\"wpv-column-858bbadb087de2e2186a419a3244eac8\" ><\/div><\/div><\/div>\n<div class=\"push \" style=\"height:30px\"><\/div>\n<div class=\"limit-wrapper\"><div class=\"row \"><div class=\"wpv-grid grid-1-1  wpv-first-level first unextended no-extended-padding\" style=\"padding-top:0.05px;padding-bottom:0.05px;\" id=\"wpv-column-98e44cd918baadfbb1fc56b39a529896\" ><p>Hospiz beginnt im Leben.<\/p>\n<p>Unsere ambulante Hospizarbeit bedeutet die umfassende Begleitung von Menschen, die an einer unheilbaren schweren oder chronisch fortschreitenden Krankheit leiden.<\/p>\n<p>Aber auch wenn eine Krankheit nicht geheilt werden kann, hei\u00dft das nicht, dass wir nichts mehr tun k\u00f6nnen.<\/p>\n<p>Wir k\u00f6nnen etwas f\u00fcr Sie tun!<\/p>\n<p>Hospiz sorgt sich fr\u00fchzeitig um Menschen und ihre Angeh\u00f6rigen, die sich im Erleben von Abschied und Sterben, von Tod und Trauer befinden.<\/p>\n<p>Hospiz setzt sich entschieden f\u00fcr ein w\u00fcrdiges Leben und Sterben ein.<\/p>\n<p>Hospiz achtet und bejaht das menschliche Leben bis zuletzt \u2013 unabh\u00e4ngig von der Schwere Ihrer Krankheit, Ihrer Nationalit\u00e4t, Weltanschauung oder Glaubenszugeh\u00f6rigkeit.<\/p>\n<p>Hospiz respektiert Sterben und den Tod als Bestandteile des Lebens.<\/div><\/div><\/div>\n<div class=\"limit-wrapper\"><div class=\"row \"><div class=\"wpv-grid grid-1-1  wpv-first-level first unextended no-extended-padding\" style=\"padding-top:0.05px;padding-bottom:0.05px;\" id=\"wpv-column-96d26027d9859977c3cfe6cb1fcd9a03\" ><div class=\"row \"><div class=\"wpv-grid grid-1-1  wpv-first-level first unextended no-extended-padding\" style=\"padding-top:0.05px;padding-bottom:0.05px;\" id=\"wpv-column-5c6c179278d83fe0b5ad27972a866d5f\" ><\/div><\/div><\/div><\/div><\/div>\n<div class=\"push  wpv-hide-lowres\" style=\"height:40px\"><\/div>\n<h4><a href=\"https:\/\/www.youtube.com\/watch?v=PpnBcEE3nPY\"><span style=\"color: #000000;\"><strong>Erkl\u00e4rfilm: Das kann Hospizarbeit<\/strong><\/span><\/a><\/h4>\n<p>Die Diskussionen um Sterbehilfe und Beihilfe zum Suizid zeigen, dass es nach wie vor Informations- und Aufkl\u00e4rungsbedarf zum Thema Hospiz- und Palliativarbeit gibt. Der DHPV hat einen animierten Erkl\u00e4rfilm realisiert, der einen \u00dcberblick \u00fcber hospizliche und palliative Angebote gibt, die Akteure der Hospizarbeit vorstellt und einl\u00e4dt, sich bei Bedarf vertrauensvoll an die Hospiz- und Palliativeinrichtungen in Ihrer N\u00e4he zu wenden.<\/p>\n<p><em>Deutscher Hospiz- und PalliativVerband e. V.<\/em><\/p>\n<p>Hier geht es zum Erkl\u00e4rfilm: \u00a0\u00a0 <span style=\"color: #ff0000;\"><strong><a style=\"color: #ff0000;\" href=\"https:\/\/www.youtube.com\/watch?v=PpnBcEE3nPY\" target=\"_blank\" rel=\"noopener\">https:\/\/www.youtube.com\/watch?v=PpnBcEE3nPY<\/a><\/strong><\/span><\/p>\n<div style=\"background-color: #fac388; font-size: 14px; padding: 13px 12px 4px 12px; margin-top: 95px;\">\n<div style=\"color: #233382;\">Anmerkung:<\/div>\n<p>Ehrenamtliche Hospizarbeit wird vor allem von Frauen geleistet. Um die Lesbarkeit der Texte zu erleichtern, haben wir deshalb (au\u00dferhalb dieses Beitrags) in der Regel die weibliche Form benutzt. Es sind jedoch jeweils m\u00e4nnliche und weibliche Hospizmitarbeiter gemeint.<\/p>\n<\/div>\n<div class=\"limit-wrapper\"><div class=\"row \"><div class=\"wpv-grid grid-1-6  wpv-first-level first unextended no-extended-padding\" style=\"padding-top:0.05px;padding-bottom:0.05px;\" id=\"wpv-column-5eab6655bde3d9f8c231c7fcc4d2e101\" ><p><a href=\"https:\/\/www.charta-zur-betreuung-sterbender.de\/\" target=\"_blank\" rel=\"noopener\"><img loading=\"lazy\" decoding=\"async\" class=\"alignnone size-thumbnail wp-image-11754\" style=\"margin-top: 50px;\" src=\"https:\/\/www.hospizgruppe-donau-ries.de\/wp-content\/uploads\/2018\/01\/button-charts-150x150.jpg\" alt=\"button-charts\" width=\"150\" height=\"150\" srcset=\"https:\/\/www.hospizgruppe-donau-ries.de\/wp-content\/uploads\/2018\/01\/button-charts-150x150.jpg 150w, https:\/\/www.hospizgruppe-donau-ries.de\/wp-content\/uploads\/2018\/01\/button-charts-60x60.jpg 60w, https:\/\/www.hospizgruppe-donau-ries.de\/wp-content\/uploads\/2018\/01\/button-charts-43x43.jpg 43w, https:\/\/www.hospizgruppe-donau-ries.de\/wp-content\/uploads\/2018\/01\/button-charts.jpg 189w\" sizes=\"auto, (max-width: 150px) 100vw, 150px\" \/><\/a><\/div><\/div><\/div>\n<div class=\"push  wpv-hide-lowres\" style=\"height:40px\"><\/div>\n<div class=\"push  wpv-hide-lowres\" style=\"height:40px\"><\/div>\n","protected":false},"excerpt":{"rendered":"<p>Erkl\u00e4rfilm: Das kann Hospizarbeit Die Diskussionen um Sterbehilfe und Beihilfe zum Suizid zeigen, dass es nach wie vor Informations- und Aufkl\u00e4rungsbedarf zum Thema Hospiz- und Palliativarbeit gibt. Der DHPV hat einen animierten Erkl\u00e4rfilm realisiert, der einen \u00dcberblick \u00fcber hospizliche und palliative Angebote gibt, die Akteure der Hospizarbeit vorstellt und einl\u00e4dt, sich bei Bedarf vertrauensvoll an&#8230;<\/p>\n","protected":false},"author":1,"featured_media":0,"parent":0,"menu_order":0,"comment_status":"closed","ping_status":"closed","template":"","meta":{"footnotes":""},"class_list":["post-4","page","type-page","status-publish","hentry"],"_links":{"self":[{"href":"https:\/\/www.hospizgruppe-donau-ries.de\/index.php?rest_route=\/wp\/v2\/pages\/4","targetHints":{"allow":["GET"]}}],"collection":[{"href":"https:\/\/www.hospizgruppe-donau-ries.de\/index.php?rest_route=\/wp\/v2\/pages"}],"about":[{"href":"https:\/\/www.hospizgruppe-donau-ries.de\/index.php?rest_route=\/wp\/v2\/types\/page"}],"author":[{"embeddable":true,"href":"https:\/\/www.hospizgruppe-donau-ries.de\/index.php?rest_route=\/wp\/v2\/users\/1"}],"replies":[{"embeddable":true,"href":"https:\/\/www.hospizgruppe-donau-ries.de\/index.php?rest_route=%2Fwp%2Fv2%2Fcomments&post=4"}],"version-history":[{"count":92,"href":"https:\/\/www.hospizgruppe-donau-ries.de\/index.php?rest_route=\/wp\/v2\/pages\/4\/revisions"}],"predecessor-version":[{"id":12834,"href":"https:\/\/www.hospizgruppe-donau-ries.de\/index.php?rest_route=\/wp\/v2\/pages\/4\/revisions\/12834"}],"wp:attachment":[{"href":"https:\/\/www.hospizgruppe-donau-ries.de\/index.php?rest_route=%2Fwp%2Fv2%2Fmedia&parent=4"}],"curies":[{"name":"wp","href":"https:\/\/api.w.org\/{rel}","templated":true}]}}