{"id":10614,"date":"2015-05-29T10:32:35","date_gmt":"2015-05-29T08:32:35","guid":{"rendered":"http:\/\/hospiz.diemayrei.de\/?page_id=10614"},"modified":"2017-01-09T09:59:30","modified_gmt":"2017-01-09T08:59:30","slug":"spende","status":"publish","type":"page","link":"https:\/\/www.hospizgruppe-donau-ries.de\/?page_id=10614","title":{"rendered":"Spende"},"content":{"rendered":"<div class=\"limit-wrapper\"><div class=\"row \"><div class=\"wpv-grid grid-1-1  wpv-first-level first unextended no-extended-padding\" style=\"padding-top:0.05px;padding-bottom:0.05px;\" id=\"wpv-column-0c2098b9dca22592d40c9c4df4d9569a\" ><h2>Spende<\/h2><\/div><\/div><\/div>\n<div class=\"limit-wrapper\"><div class=\"row \"><div class=\"wpv-grid grid-1-1  wpv-first-level first unextended no-extended-padding\" style=\"padding-top:0.05px;padding-bottom:0.05px;\" id=\"wpv-column-177535e79b4ce3621846aad0daf685e7\" ><p>Wir finanzieren unseren Hospizdienst zu einem gro\u00dfen Teil durch Spenden. Wenn Sie unsere Ziele mit einer Spende unterst\u00fctzen m\u00f6chten, freuen wir uns \u00fcber Ihre \u00dcberweisung auf ein Konto der Hospizgruppe Donau-Ries e.V.<\/p>\n<h3>Empf\u00e4nger: <strong><br \/>\nHospizgruppe Donau-Ries e.V.<\/strong><\/h3>\n<p><strong>Raiffeisen-Volksbank Donauw\u00f6rth<\/strong><\/p>\n<p>IBAN:DE59 7229 0100 0003 0404 02<\/p>\n<p>BIC: GENODEF1DON<\/p>\n<p><strong>Sparkasse Donauw\u00f6rth<\/strong><\/p>\n<p>IBAN: DE76 7225 0160 0020 0041 23<\/p>\n<p>BIC: BYLADEM1DON<\/p>\n<p><strong>Einige wichtige Hinweise zu Spenden<\/strong>:<\/p>\n<ul>\n<li>Bitte geben Sie immer das Kennwort \u201cSpende\u201d an<\/li>\n<li>Bei Spenden bis 200 Euro gen\u00fcgt der Einzahlungsbeleg oder der Kontoauszug f\u00fcr das Finanzamt.<\/li>\n<li>Bei Spenden \u00fcber 200 Euro wird Ihnen eine Spendenquittung zugesandt. Hierf\u00fcr vermerken Sie bitte unbedingt Ihre vollst\u00e4ndige Anschrift und Ihren Namen im Feld Verwendungszweck.<\/li>\n<\/ul>\n<p><strong>Verwendung der Gelder<\/strong><\/p>\n<p>Sowohl Mitgliedsbeitr\u00e4ge als auch Spenden verwenden wir ausschlie\u00dflich f\u00fcr die gemeinn\u00fctzigen Zwecke des Vereins im Sinne der Hospizidee. Dazu z\u00e4hlen insbesondere die Aus- und Weiterbildung unserer ehrenamtlichen MitarbeiterInnen\u00a0 und die Verbreitung des Hospizgedankens durch\u00a0Vortr\u00e4ge und verschiedenste Aktionen.<\/div><\/div><\/div>\n","protected":false},"excerpt":{"rendered":"","protected":false},"author":1,"featured_media":0,"parent":10618,"menu_order":0,"comment_status":"open","ping_status":"closed","template":"","meta":{"footnotes":""},"class_list":["post-10614","page","type-page","status-publish","hentry"],"_links":{"self":[{"href":"https:\/\/www.hospizgruppe-donau-ries.de\/index.php?rest_route=\/wp\/v2\/pages\/10614","targetHints":{"allow":["GET"]}}],"collection":[{"href":"https:\/\/www.hospizgruppe-donau-ries.de\/index.php?rest_route=\/wp\/v2\/pages"}],"about":[{"href":"https:\/\/www.hospizgruppe-donau-ries.de\/index.php?rest_route=\/wp\/v2\/types\/page"}],"author":[{"embeddable":true,"href":"https:\/\/www.hospizgruppe-donau-ries.de\/index.php?rest_route=\/wp\/v2\/users\/1"}],"replies":[{"embeddable":true,"href":"https:\/\/www.hospizgruppe-donau-ries.de\/index.php?rest_route=%2Fwp%2Fv2%2Fcomments&post=10614"}],"version-history":[{"count":8,"href":"https:\/\/www.hospizgruppe-donau-ries.de\/index.php?rest_route=\/wp\/v2\/pages\/10614\/revisions"}],"predecessor-version":[{"id":11559,"href":"https:\/\/www.hospizgruppe-donau-ries.de\/index.php?rest_route=\/wp\/v2\/pages\/10614\/revisions\/11559"}],"up":[{"embeddable":true,"href":"https:\/\/www.hospizgruppe-donau-ries.de\/index.php?rest_route=\/wp\/v2\/pages\/10618"}],"wp:attachment":[{"href":"https:\/\/www.hospizgruppe-donau-ries.de\/index.php?rest_route=%2Fwp%2Fv2%2Fmedia&parent=10614"}],"curies":[{"name":"wp","href":"https:\/\/api.w.org\/{rel}","templated":true}]}}