{"id":10593,"date":"2015-05-29T10:08:11","date_gmt":"2015-05-29T08:08:11","guid":{"rendered":"http:\/\/hospiz.diemayrei.de\/?page_id=10593"},"modified":"2015-08-26T18:31:59","modified_gmt":"2015-08-26T16:31:59","slug":"hospizgedanke","status":"publish","type":"page","link":"https:\/\/www.hospizgruppe-donau-ries.de\/?page_id=10593","title":{"rendered":"Hospizgedanke"},"content":{"rendered":"<div class=\"limit-wrapper\"><div class=\"row \"><div class=\"wpv-grid grid-2-5  wpv-first-level first unextended no-extended-padding\" style=\"padding-top:0.05px;padding-bottom:0.05px;\" id=\"wpv-column-4fe568bac442cd53800c289dd4565aae\" ><p><span style=\"font-style: italic;\">\u201eSie sind wichtig, weil Sie eben Sie sind.<br \/>\nSie sind bis zum letzten Augenblick Ihres Lebens wichtig,<br \/>\nund wir werden alles tun,damit Sie nicht nur in Frieden sterben,<br \/>\nsondern auch bis zuletzt leben k\u00f6nnen.\u201d<\/span><br \/>\n<span style=\"font-style: italic; float: right;\">Dame Cicely Saunders<\/span><\/div><\/div><\/div>\n<div class=\"limit-wrapper\"><div class=\"row \"><div class=\"wpv-grid grid-1-1  wpv-first-level first unextended no-extended-padding\" style=\"padding-top:0.05px;padding-bottom:0.05px;\" id=\"wpv-column-a08b590f428cb3ac1bbcc1604e15523d\" ><h2>Prinzip unserer Arbeit<\/h2><\/div><\/div><\/div>\n<div class=\"limit-wrapper\"><div class=\"row \"><div class=\"wpv-grid grid-1-1  wpv-first-level first unextended no-extended-padding\" style=\"padding-top:0.05px;padding-bottom:0.05px;\" id=\"wpv-column-190905ba7745374c77933d66c0b1a9aa\" ><ul>\n<li>Im Mittelpunkt stehen der schwerkranke oder sterbende Mensch und seine Angeh\u00f6rigen.<\/li>\n<\/ul>\n<ul>\n<li>Der sterbende Mensch f\u00fchrt Regie. Seine W\u00fcnsche sind entscheidend. Die Bewahrung seines Selbstbestimmungsrechtes ist unser wichtigstes Anliegen.<\/li>\n<\/ul>\n<p>Die meisten Menschen w\u00fcnschen in vertrauter Umgebung zu sterben. Die Hospizarbeit m\u00f6chte dazu beitragen, dass dies f\u00fcr die Betroffenen m\u00f6glich wird. Eine gro\u00dfe Herausforderung in der heutigen Gesellschaft sind die lange Pflegebed\u00fcrftigkeit und ein oft langes Sterben an chronischen Krankheiten. H\u00e4ufig gehen das Engagement und die Sorge der Angeh\u00f6rigen in der Begleitung \u00fcber deren Kr\u00e4fte.<\/p>\n<p>Neu an der Hospizidee ist nicht die Begleitung Sterbender an sich, sondern die Synthese aus den Erkenntnissen der modernen Medizin, Psychologie und anderen Wissenschaften sowie einer umfassenden Betreuung des Sterbenden und seiner Familie. Sie ber\u00fccksichtigt neben den k\u00f6rperlichen auch die psychischen, sozialen und spirituellen Bed\u00fcrfnisse der Betroffenen.<\/p>\n<p>Dem Sterbenden wird das Leben gerade dann oft besonders wertvoll, wenn sich dessen Ende abzeichnet. Durch die Hospizarbeit wird es m\u00f6glich, das Leben bis zuletzt nach eigenen Vorstellungen zu verwirklichen.<\/div><\/div><\/div>\n","protected":false},"excerpt":{"rendered":"","protected":false},"author":1,"featured_media":0,"parent":0,"menu_order":0,"comment_status":"open","ping_status":"open","template":"","meta":{"footnotes":""},"class_list":["post-10593","page","type-page","status-publish","hentry"],"_links":{"self":[{"href":"https:\/\/www.hospizgruppe-donau-ries.de\/index.php?rest_route=\/wp\/v2\/pages\/10593","targetHints":{"allow":["GET"]}}],"collection":[{"href":"https:\/\/www.hospizgruppe-donau-ries.de\/index.php?rest_route=\/wp\/v2\/pages"}],"about":[{"href":"https:\/\/www.hospizgruppe-donau-ries.de\/index.php?rest_route=\/wp\/v2\/types\/page"}],"author":[{"embeddable":true,"href":"https:\/\/www.hospizgruppe-donau-ries.de\/index.php?rest_route=\/wp\/v2\/users\/1"}],"replies":[{"embeddable":true,"href":"https:\/\/www.hospizgruppe-donau-ries.de\/index.php?rest_route=%2Fwp%2Fv2%2Fcomments&post=10593"}],"version-history":[{"count":11,"href":"https:\/\/www.hospizgruppe-donau-ries.de\/index.php?rest_route=\/wp\/v2\/pages\/10593\/revisions"}],"predecessor-version":[{"id":11156,"href":"https:\/\/www.hospizgruppe-donau-ries.de\/index.php?rest_route=\/wp\/v2\/pages\/10593\/revisions\/11156"}],"wp:attachment":[{"href":"https:\/\/www.hospizgruppe-donau-ries.de\/index.php?rest_route=%2Fwp%2Fv2%2Fmedia&parent=10593"}],"curies":[{"name":"wp","href":"https:\/\/api.w.org\/{rel}","templated":true}]}}