{"id":10256,"date":"2015-04-15T10:27:09","date_gmt":"2015-04-15T08:27:09","guid":{"rendered":"http:\/\/hospiz.diemayrei.de\/?page_id=10256"},"modified":"2022-09-12T16:09:32","modified_gmt":"2022-09-12T14:09:32","slug":"veroeffentlichungen","status":"publish","type":"page","link":"https:\/\/www.hospizgruppe-donau-ries.de\/?page_id=10256","title":{"rendered":"Presse"},"content":{"rendered":"<h1>Presse<\/h1>\n<div id=\"upl-list-12035\" class=\"upl-list\">\n<ul>\n<li><div class=\"upl-post-thumbnail\"><a href=\"https:\/\/www.hospizgruppe-donau-ries.de\/?p=12407\"><img loading=\"lazy\" decoding=\"async\" width=\"75\" height=\"75\" src=\"https:\/\/www.hospizgruppe-donau-ries.de\/wp-content\/uploads\/2019\/05\/Copy-20of-20Schneider-150x150.jpg\" class=\"attachment-150x75 size-150x75 wp-post-image\" alt=\"\" srcset=\"https:\/\/www.hospizgruppe-donau-ries.de\/wp-content\/uploads\/2019\/05\/Copy-20of-20Schneider-150x150.jpg 150w, https:\/\/www.hospizgruppe-donau-ries.de\/wp-content\/uploads\/2019\/05\/Copy-20of-20Schneider-60x60.jpg 60w, https:\/\/www.hospizgruppe-donau-ries.de\/wp-content\/uploads\/2019\/05\/Copy-20of-20Schneider-43x43.jpg 43w\" sizes=\"auto, (max-width: 75px) 100vw, 75px\" \/><\/a><\/div><div class=\"upl-post-title\"><a href=\"https:\/\/www.hospizgruppe-donau-ries.de\/?p=12407\">Wie sich das Sterben ver\u00e4ndert \u00a0<\/a><\/div><div class=\"upl-post-excerpt\"><a href=\"https:\/\/www.hospizgruppe-donau-ries.de\/?p=12407\"> Als \u201eLabor der guten Gesellschaft\u201c hat Professor Werner Schneider die Hospizgruppe Donau-Ries bezeichnet. Er hielt einen Vortrag anl\u00e4sslich des 20-j\u00e4hrigen Bestehens der Gruppe in N\u00f6rdlingen. Schneider ist seit 2003 Professor der Soziologie an der Universit\u00e4t Augsburg. Seit Mitte der 90er erforscht er in mehreren Grundlagen- sowie Praxisprojekten den gesellschaftlichen Umgang mit Sterben und Tod in verschiedenen Themenfeldern.<\/a><\/div><\/li>\n<li><div class=\"upl-post-thumbnail\"><a href=\"https:\/\/www.hospizgruppe-donau-ries.de\/?p=12099\"><img loading=\"lazy\" decoding=\"async\" width=\"75\" height=\"75\" src=\"https:\/\/www.hospizgruppe-donau-ries.de\/wp-content\/uploads\/2015\/04\/DSC_0005-150x150.jpeg\" class=\"attachment-150x75 size-150x75 wp-post-image\" alt=\"\" srcset=\"https:\/\/www.hospizgruppe-donau-ries.de\/wp-content\/uploads\/2015\/04\/DSC_0005-150x150.jpeg 150w, https:\/\/www.hospizgruppe-donau-ries.de\/wp-content\/uploads\/2015\/04\/DSC_0005-60x60.jpeg 60w, https:\/\/www.hospizgruppe-donau-ries.de\/wp-content\/uploads\/2015\/04\/DSC_0005-43x43.jpeg 43w\" sizes=\"auto, (max-width: 75px) 100vw, 75px\" \/><\/a><\/div><div class=\"upl-post-title\"><a href=\"https:\/\/www.hospizgruppe-donau-ries.de\/?p=12099\">\u00dcber das Gl\u00fcck der verlorenen Stunden<\/a><\/div><div class=\"upl-post-excerpt\"><a href=\"https:\/\/www.hospizgruppe-donau-ries.de\/?p=12099\">Es ist die zweite \u00f6ffentliche Veranstaltung zum 20j\u00e4hrigen Jubil\u00e4um der Hospizgruppe Donau-Ries. War die erste in der N\u00f6rdlinger Schranne mit \u201ePoesie & Musik\u201c umschrieben, so hatte sich die Gruppe um ihren Vorsitzenden Hans Breithaupt f\u00fcr das Thema \u201eR\u00fcckbesinnung und Kraftquelle\u201c einen \u00fcberaus prominenten Referenten eingeladen: den ehemaligen Benediktinerm\u00f6nch und Prior des Klosters Andechs, Anselm Bilgri.<\/a><\/div><\/li>\n<li><div class=\"upl-post-thumbnail\"><a href=\"https:\/\/www.hospizgruppe-donau-ries.de\/?p=12000\"><img loading=\"lazy\" decoding=\"async\" width=\"75\" height=\"75\" src=\"https:\/\/www.hospizgruppe-donau-ries.de\/wp-content\/uploads\/2015\/04\/LuS-150x150.jpg\" class=\"attachment-150x75 size-150x75 wp-post-image\" alt=\"\" srcset=\"https:\/\/www.hospizgruppe-donau-ries.de\/wp-content\/uploads\/2015\/04\/LuS-150x150.jpg 150w, https:\/\/www.hospizgruppe-donau-ries.de\/wp-content\/uploads\/2015\/04\/LuS-60x60.jpg 60w, https:\/\/www.hospizgruppe-donau-ries.de\/wp-content\/uploads\/2015\/04\/LuS-43x43.jpg 43w\" sizes=\"auto, (max-width: 75px) 100vw, 75px\" \/><\/a><\/div><div class=\"upl-post-title\"><a href=\"https:\/\/www.hospizgruppe-donau-ries.de\/?p=12000\">Ber\u00fchrender Abend der Hospizgruppe<\/a><\/div><div class=\"upl-post-excerpt\"><a href=\"https:\/\/www.hospizgruppe-donau-ries.de\/?p=12000\">Feier: Unter dem Motto \u201ePoesie & Musik\u201c verfolgten viele Besucher den Auftakt des Jubil\u00e4ums\r\nWie berichtet feiert die Hospizgruppe Donau-Ries ihr 20j\u00e4hriges Jubil\u00e4um nicht mit einer Festveranstaltung, sondern mit drei \u201eVortragsabenden\u201c f\u00fcr alle Mitglieder, Mitarbeiter und die gesamte \u00d6ffentlichkeit.<\/a><\/div><\/li>\n<li><div class=\"upl-post-title\"><a href=\"https:\/\/www.hospizgruppe-donau-ries.de\/?p=12004\">Die Hospizgruppe Donau-Ries begeht ihr 20j\u00e4hriges Jubil\u00e4um<\/a><\/div><div class=\"upl-post-excerpt\"><a href=\"https:\/\/www.hospizgruppe-donau-ries.de\/?p=12004\">\u2026<\/a><\/div><\/li>\n<li><div class=\"upl-post-thumbnail\"><a href=\"https:\/\/www.hospizgruppe-donau-ries.de\/?p=12006\"><img loading=\"lazy\" decoding=\"async\" width=\"75\" height=\"75\" src=\"https:\/\/www.hospizgruppe-donau-ries.de\/wp-content\/uploads\/2015\/04\/MuH-150x150.jpg\" class=\"attachment-150x75 size-150x75 wp-post-image\" alt=\"\" srcset=\"https:\/\/www.hospizgruppe-donau-ries.de\/wp-content\/uploads\/2015\/04\/MuH-150x150.jpg 150w, https:\/\/www.hospizgruppe-donau-ries.de\/wp-content\/uploads\/2015\/04\/MuH-60x60.jpg 60w, https:\/\/www.hospizgruppe-donau-ries.de\/wp-content\/uploads\/2015\/04\/MuH-43x43.jpg 43w\" sizes=\"auto, (max-width: 75px) 100vw, 75px\" \/><\/a><\/div><div class=\"upl-post-title\"><a href=\"https:\/\/www.hospizgruppe-donau-ries.de\/?p=12006\">Die letzte Lebensphase w\u00fcrdig gestalten<\/a><\/div><div class=\"upl-post-excerpt\"><a href=\"https:\/\/www.hospizgruppe-donau-ries.de\/?p=12006\">Die Hospizgruppe Donau-Ries feiert 20-j\u00e4hriges Bestehen. Der Vorsitzende Hans Breithaupt und die Koordinatorin Margit Wiedenmann sprechen \u00fcber ihre Arbeit<\/a><\/div><\/li>\n<li><div class=\"upl-post-title\"><a href=\"https:\/\/www.hospizgruppe-donau-ries.de\/?p=12008\">Wanderung f\u00fcr Trauernde!<\/a><\/div><div class=\"upl-post-excerpt\"><a href=\"https:\/\/www.hospizgruppe-donau-ries.de\/?p=12008\">Hinterbliebene, die einen nahestehenden Menschen verloren haben, sind herzlich eingeladen zu einer gef\u00fchrten Trauerwanderung.<\/a><\/div><\/li>\n<li><div class=\"upl-post-title\"><a href=\"https:\/\/www.hospizgruppe-donau-ries.de\/?p=12010\">Auf dem letzten Weg begleiten<\/a><\/div><div class=\"upl-post-excerpt\"><a href=\"https:\/\/www.hospizgruppe-donau-ries.de\/?p=12010\">Er wollte eigentlich nur seine wohlverdiente Rente genie\u00dfen. Im Garten sitzen und sich an seinem Koi-Karpfen-Teich erfreuen. Doch dann bekommt er die niederschmetternde Diagnose: Er ist schwer krank und hat nicht mehr allzu lange zu leben.<\/a><\/div><\/li>\n<li><div class=\"upl-post-thumbnail\"><a href=\"https:\/\/www.hospizgruppe-donau-ries.de\/?p=12012\"><img loading=\"lazy\" decoding=\"async\" width=\"75\" height=\"75\" src=\"https:\/\/www.hospizgruppe-donau-ries.de\/wp-content\/uploads\/2019\/05\/Copy-20of-20Schneider-150x150.jpg\" class=\"attachment-150x75 size-150x75 wp-post-image\" alt=\"\" srcset=\"https:\/\/www.hospizgruppe-donau-ries.de\/wp-content\/uploads\/2019\/05\/Copy-20of-20Schneider-150x150.jpg 150w, https:\/\/www.hospizgruppe-donau-ries.de\/wp-content\/uploads\/2019\/05\/Copy-20of-20Schneider-60x60.jpg 60w, https:\/\/www.hospizgruppe-donau-ries.de\/wp-content\/uploads\/2019\/05\/Copy-20of-20Schneider-43x43.jpg 43w\" sizes=\"auto, (max-width: 75px) 100vw, 75px\" \/><\/a><\/div><div class=\"upl-post-title\"><a href=\"https:\/\/www.hospizgruppe-donau-ries.de\/?p=12012\">Dem Sterben den Schrecken nehmen<\/a><\/div><div class=\"upl-post-excerpt\"><a href=\"https:\/\/www.hospizgruppe-donau-ries.de\/?p=12012\">Viele Menschen verdr\u00e4ngen sie gern: die Gedanken an die letzte Lebensphase. Das Sterben ist in der Gesellschaft zum Tabu-Thema geworden. Aber im Umgang mit dem Sterben gibt es langsam ver\u00e4nderte Sichtweisen<\/a><\/div><\/li>\n<li><div class=\"upl-post-title\"><a href=\"https:\/\/www.hospizgruppe-donau-ries.de\/?p=12015\">Wirtschaftsvereinigung \u201eAlltagshelden, die Bayern lebenswert machen\u201c<\/a><\/div><div class=\"upl-post-excerpt\"><a href=\"https:\/\/www.hospizgruppe-donau-ries.de\/?p=12015\">Sie arbeiten meist im Hintergrund ehrenamtlich f\u00fcr schwerstkranke und sterbende Menschen. Ein guter Grund f\u00fcr die Vereinigung der Bayerischen Wirtschaft, die Hospizgruppe Donau-Ries f\u00fcr ihr regionales Engagement als \u201evbw champ Schwaben\u201c auszuzeichnen.<\/a><\/div><\/li>\n<li><div class=\"upl-post-thumbnail\"><a href=\"https:\/\/www.hospizgruppe-donau-ries.de\/?p=12017\"><img loading=\"lazy\" decoding=\"async\" width=\"75\" height=\"75\" src=\"https:\/\/www.hospizgruppe-donau-ries.de\/wp-content\/uploads\/2017\/08\/Verleihung-vbw-Champ-in-Noerdlingen-Hospizgruppe-Donau-Ries-e.-V.-150x150.jpg\" class=\"attachment-150x75 size-150x75 wp-post-image\" alt=\"\" srcset=\"https:\/\/www.hospizgruppe-donau-ries.de\/wp-content\/uploads\/2017\/08\/Verleihung-vbw-Champ-in-Noerdlingen-Hospizgruppe-Donau-Ries-e.-V.-150x150.jpg 150w, https:\/\/www.hospizgruppe-donau-ries.de\/wp-content\/uploads\/2017\/08\/Verleihung-vbw-Champ-in-Noerdlingen-Hospizgruppe-Donau-Ries-e.-V.-60x60.jpg 60w, https:\/\/www.hospizgruppe-donau-ries.de\/wp-content\/uploads\/2017\/08\/Verleihung-vbw-Champ-in-Noerdlingen-Hospizgruppe-Donau-Ries-e.-V.-43x43.jpg 43w\" sizes=\"auto, (max-width: 75px) 100vw, 75px\" \/><\/a><\/div><div class=\"upl-post-title\"><a href=\"https:\/\/www.hospizgruppe-donau-ries.de\/?p=12017\">Hospizgruppe Donau-Ries e.V. ist \u201evbw champSchwaben\u201c<\/a><\/div><div class=\"upl-post-excerpt\"><a href=\"https:\/\/www.hospizgruppe-donau-ries.de\/?p=12017\">Im Rahmen der 28. BR-Radltour hat die vbw \u2013 Vereinigung der Bayerischen Wirtschaft e. V. die Hospizgruppe Donau-Ries e. V. f\u00fcr ihr regionales Engagement mit dem Titel \u201evbw champSchwaben\u201c ausgezeichnet.<\/a><\/div><\/li>\n<li><div class=\"upl-post-title\"><a href=\"https:\/\/www.hospizgruppe-donau-ries.de\/?p=12020\">Zum Wohl schwerstkranker Menschen<\/a><\/div><div class=\"upl-post-excerpt\"><a href=\"https:\/\/www.hospizgruppe-donau-ries.de\/?p=12020\">Die gKU-Kliniken und Seniorenheime und die Hospizgruppe Donau-Ries haben ihre bisherige Zusammenarbeit mit zwei Kooperationsvereinbarungen nun auf eine verbindlichere Grundlage gestellt. Ziel ist es die Situation schwerstkranker und sterbender Menschen im Landkreis zu verbessern.<\/a><\/div><\/li>\n<li><div class=\"upl-post-title\"><a href=\"https:\/\/www.hospizgruppe-donau-ries.de\/?p=12022\">Welthospiztag 2016: Den letzten Weg mitgehen \u2013 bis zum Schluss<\/a><\/div><div class=\"upl-post-excerpt\"><a href=\"https:\/\/www.hospizgruppe-donau-ries.de\/?p=12022\">Margi Wiedenmann: Unsere ehrenamtlichen Begleiter sind f\u00fcr Menschen da, bei denen feststeht, dass ihre letzte Lebenszeit begonnen hat. Wir stehen ihnen und auch den Verwandten bei \u2013 bis zum Tod. In wenigen F\u00e4llen auch, bis sich derjenige wieder erholt hat.<\/a><\/div><\/li>\n<li><div class=\"upl-post-thumbnail\"><a href=\"https:\/\/www.hospizgruppe-donau-ries.de\/?p=12024\"><img loading=\"lazy\" decoding=\"async\" width=\"75\" height=\"75\" src=\"https:\/\/www.hospizgruppe-donau-ries.de\/wp-content\/uploads\/2016\/07\/Bild-Hospizgruppe3-150x150.jpg\" class=\"attachment-150x75 size-150x75 wp-post-image\" alt=\"\" srcset=\"https:\/\/www.hospizgruppe-donau-ries.de\/wp-content\/uploads\/2016\/07\/Bild-Hospizgruppe3-150x150.jpg 150w, https:\/\/www.hospizgruppe-donau-ries.de\/wp-content\/uploads\/2016\/07\/Bild-Hospizgruppe3-60x60.jpg 60w, https:\/\/www.hospizgruppe-donau-ries.de\/wp-content\/uploads\/2016\/07\/Bild-Hospizgruppe3-43x43.jpg 43w\" sizes=\"auto, (max-width: 75px) 100vw, 75px\" \/><\/a><\/div><div class=\"upl-post-title\"><a href=\"https:\/\/www.hospizgruppe-donau-ries.de\/?p=12024\">Vorbereitet f\u00fcr die Hospizbegleitung<\/a><\/div><div class=\"upl-post-excerpt\"><a href=\"https:\/\/www.hospizgruppe-donau-ries.de\/?p=12024\">Sie d\u00fcrfen sich jetzt Hospizbeglei\u00adterInnen nennen und sind bereit f\u00fcr den ersten Einsatz. Die Kurs-teilnehmer hatten sich seit No\u00advember 2015 in insgesamt sieben Seminareinheiten auf ihr ehren\u00adamtliches Engagement als letzte Wegbegleiter von Schwerkranken, Sterbenden oder auch von Ange\u00adh\u00f6rigen vorbereitet<\/a><\/div><\/li>\n<\/ul>\n<\/div>\n\n","protected":false},"excerpt":{"rendered":"<p>Presse<\/p>\n","protected":false},"author":1,"featured_media":0,"parent":9741,"menu_order":0,"comment_status":"closed","ping_status":"closed","template":"","meta":{"footnotes":""},"class_list":["post-10256","page","type-page","status-publish","hentry"],"_links":{"self":[{"href":"https:\/\/www.hospizgruppe-donau-ries.de\/index.php?rest_route=\/wp\/v2\/pages\/10256","targetHints":{"allow":["GET"]}}],"collection":[{"href":"https:\/\/www.hospizgruppe-donau-ries.de\/index.php?rest_route=\/wp\/v2\/pages"}],"about":[{"href":"https:\/\/www.hospizgruppe-donau-ries.de\/index.php?rest_route=\/wp\/v2\/types\/page"}],"author":[{"embeddable":true,"href":"https:\/\/www.hospizgruppe-donau-ries.de\/index.php?rest_route=\/wp\/v2\/users\/1"}],"replies":[{"embeddable":true,"href":"https:\/\/www.hospizgruppe-donau-ries.de\/index.php?rest_route=%2Fwp%2Fv2%2Fcomments&post=10256"}],"version-history":[{"count":136,"href":"https:\/\/www.hospizgruppe-donau-ries.de\/index.php?rest_route=\/wp\/v2\/pages\/10256\/revisions"}],"predecessor-version":[{"id":12837,"href":"https:\/\/www.hospizgruppe-donau-ries.de\/index.php?rest_route=\/wp\/v2\/pages\/10256\/revisions\/12837"}],"up":[{"embeddable":true,"href":"https:\/\/www.hospizgruppe-donau-ries.de\/index.php?rest_route=\/wp\/v2\/pages\/9741"}],"wp:attachment":[{"href":"https:\/\/www.hospizgruppe-donau-ries.de\/index.php?rest_route=%2Fwp%2Fv2%2Fmedia&parent=10256"}],"curies":[{"name":"wp","href":"https:\/\/api.w.org\/{rel}","templated":true}]}}