{"id":10232,"date":"2015-04-15T09:52:51","date_gmt":"2015-04-15T07:52:51","guid":{"rendered":"http:\/\/hospiz.diemayrei.de\/?page_id=10232"},"modified":"2025-01-23T09:51:04","modified_gmt":"2025-01-23T08:51:04","slug":"ihre-unterstuetzung","status":"publish","type":"page","link":"https:\/\/www.hospizgruppe-donau-ries.de\/?page_id=10232","title":{"rendered":"Ehrenamtliche Mitarbeit"},"content":{"rendered":"<div class=\"limit-wrapper\"><div class=\"row \"><div class=\"wpv-grid grid-1-1  wpv-first-level first unextended no-extended-padding\" style=\"padding-top:0.05px;padding-bottom:0.05px;\" id=\"wpv-column-410164d3bdcaeb4e5ab427a9ddc1d15e\" ><h2>Ehrenamtliche Mitarbeit<\/h2><\/div><\/div><\/div>\n<div class=\"limit-wrapper\"><div class=\"row \"><div class=\"wpv-grid grid-1-1  wpv-first-level first unextended no-extended-padding\" style=\"padding-top:0.05px;padding-bottom:0.05px;\" id=\"wpv-column-3c97b7062273014133cf1c096f75fa67\" ><p>Wir suchen interessierte Ehrenamtliche aller Altersgruppen mit unterschiedlichsten Berufen und Pers\u00f6nlichkeiten. Wenn Sie Zeit und Aufmerksamkeit verschenken m\u00f6chten,<a href=\"https:\/\/www.hospizgruppe-donau-ries.de\/?page_id=10248\" target=\"_blank\"> bilden wir Sie sehr gerne zur ehrenamtlichen Hospizbegleiterin\/zum ehrenamtlichen Hospizbegleiter aus.<\/a> In monatlichen Gruppentreffen unter professioneller Leitung sind wir f\u00fcr unsere HospizbegleiterInnen da (Supervision, Fortbildung). Weitere Informationen finden Sie unter dem Punkt Ausbildung. F\u00fcr Fragen stehen wir Ihnen gerne zur Verf\u00fcgung &#8211; rufen Sie bei unseren Koordinatorinnen an oder nutzen Sie das Kontaktformular! Au\u00dferdem k\u00f6nnen Sie uns auch bei der Organisation der wichtigen \u00d6ffentlichkeitsarbeit unterst\u00fctzen!<\/div><\/div><\/div>\n","protected":false},"excerpt":{"rendered":"","protected":false},"author":1,"featured_media":0,"parent":10618,"menu_order":0,"comment_status":"closed","ping_status":"closed","template":"","meta":{"footnotes":""},"class_list":["post-10232","page","type-page","status-publish","hentry"],"_links":{"self":[{"href":"https:\/\/www.hospizgruppe-donau-ries.de\/index.php?rest_route=\/wp\/v2\/pages\/10232","targetHints":{"allow":["GET"]}}],"collection":[{"href":"https:\/\/www.hospizgruppe-donau-ries.de\/index.php?rest_route=\/wp\/v2\/pages"}],"about":[{"href":"https:\/\/www.hospizgruppe-donau-ries.de\/index.php?rest_route=\/wp\/v2\/types\/page"}],"author":[{"embeddable":true,"href":"https:\/\/www.hospizgruppe-donau-ries.de\/index.php?rest_route=\/wp\/v2\/users\/1"}],"replies":[{"embeddable":true,"href":"https:\/\/www.hospizgruppe-donau-ries.de\/index.php?rest_route=%2Fwp%2Fv2%2Fcomments&post=10232"}],"version-history":[{"count":10,"href":"https:\/\/www.hospizgruppe-donau-ries.de\/index.php?rest_route=\/wp\/v2\/pages\/10232\/revisions"}],"predecessor-version":[{"id":11159,"href":"https:\/\/www.hospizgruppe-donau-ries.de\/index.php?rest_route=\/wp\/v2\/pages\/10232\/revisions\/11159"}],"up":[{"embeddable":true,"href":"https:\/\/www.hospizgruppe-donau-ries.de\/index.php?rest_route=\/wp\/v2\/pages\/10618"}],"wp:attachment":[{"href":"https:\/\/www.hospizgruppe-donau-ries.de\/index.php?rest_route=%2Fwp%2Fv2%2Fmedia&parent=10232"}],"curies":[{"name":"wp","href":"https:\/\/api.w.org\/{rel}","templated":true}]}}