{"id":10220,"date":"2015-04-15T09:43:11","date_gmt":"2015-04-15T07:43:11","guid":{"rendered":"http:\/\/hospiz.diemayrei.de\/?page_id=10220"},"modified":"2017-01-07T17:20:42","modified_gmt":"2017-01-07T16:20:42","slug":"oeffentlichkeitsarbeit","status":"publish","type":"page","link":"https:\/\/www.hospizgruppe-donau-ries.de\/?page_id=10220","title":{"rendered":"Historie"},"content":{"rendered":"<div class=\"limit-wrapper\"><div class=\"row \"><div class=\"wpv-grid grid-1-1  wpv-first-level first unextended no-extended-padding\" style=\"padding-top:0.05px;padding-bottom:0.05px;\" id=\"wpv-column-39f7f49ed88bd07d2358b97397c606d7\" ><h2>Hospiz-Geschichte<\/h2><\/div><\/div><\/div>\n<div class=\"limit-wrapper\"><div class=\"row \"><div class=\"wpv-grid grid-1-1  wpv-first-level first unextended no-extended-padding\" style=\"padding-top:0.05px;padding-bottom:0.05px;\" id=\"wpv-column-79c4f7620071499efc7c99617f3255cc\" ><p>1967 Gr\u00fcndung des St. Christopher`s Hospiz in England (London)<\/p>\n<p>Heute engagieren sich rund 100.000 ehrenamtliche HospizbegleiterInnnen in der Hospizbewegung in Deutschland<\/p>\n<p>Wesentliche Stationen der Hospiz- und Palliativentwicklung in der BRD:<\/p>\n<p>1983\u00a0\u00a0 Erf\u00f6ffnung der ersten deutschen Palliativstation (K\u00f6ln)<\/p>\n<p>1985\u00a0\u00a0 Gr\u00fcndung des ersten regionalen Hospizvereins (M\u00fcnchen)<\/p>\n<p>1986\u00a0\u00a0 Erf\u00f6ffnung des ersten deutschen, station\u00e4ren Hospizes (Aachen)<\/p>\n<p>1992\u00a0\u00a0 Gr\u00fcndung der Bundesarbeitsgemeinschaft Hospiz (heute: Deutscher Hospiz- und Palliativverband)<\/p>\n<p>1994\u00a0\u00a0 Gr\u00fcndung der Deutschen Gesellschaft f\u00fcr Palliativmedizin<\/p>\n<p>1999\u00a0\u00a0 Erste Professur f\u00fcr Palliativmedizin in Deutschland (Bonn)<\/p>\n<p>1999\u00a0\u00a0 Gr\u00fcndung der Hospizgruppe Donau-Ries e. V.<\/p>\n<p>2007\u00a0\u00a0 Er\u00f6ffnung der <a href=\"https:\/\/www.donkliniken.de\/index.php\/donkliniken\/Patienten-und-Besucher\/Abteilungen-Leistungen\/Standort-Noerdlingen\/Palliativ\" target=\"_blank\">Palliativstation im Stiftungskrankenhaus N\u00f6rdlingen<\/a><\/p>\n<p>2007\u00a0 139 station\u00e4re Hospize,\u00a01030 ambulante Hospizdienste<\/p>\n<p>2011\u00a0\u00a0 179 station\u00e4re Hospize, 1500 ambulante Hospizdienste<\/p>\n<p>2011 \u00a0\u00a0 Einweihung der beiden palliativ betreuten Betten im BRK-Heim Donauw\u00f6rth (2016 zwei weitere Betten stehen zur Verf\u00fcgung)<\/p>\n<p>2015 \u00a0\u00a0 erstes <a href=\"https:\/\/www.pallicare-nordschwaben.de\/\" target=\"_blank\">SAPV-Team in den Landkreisen Donau Ries und Dillingen<\/a><\/p>\n<p>2016 \u00a0\u00a0 235 station\u00e4re Hospize f\u00fcr Erwachsene und 14 Hospize f\u00fcr Kinder, Jugendliche und junge Erwachsene mit regional unterschiedlicher Verteilung in Deutschland.<\/div><\/div><\/div>\n<div class=\"push \" style=\"height:30px\"><\/div>\n<div class=\"push \" style=\"height:30px\"><\/div>\n","protected":false},"excerpt":{"rendered":"","protected":false},"author":1,"featured_media":0,"parent":10593,"menu_order":0,"comment_status":"closed","ping_status":"open","template":"","meta":{"footnotes":""},"class_list":["post-10220","page","type-page","status-publish","hentry"],"_links":{"self":[{"href":"https:\/\/www.hospizgruppe-donau-ries.de\/index.php?rest_route=\/wp\/v2\/pages\/10220","targetHints":{"allow":["GET"]}}],"collection":[{"href":"https:\/\/www.hospizgruppe-donau-ries.de\/index.php?rest_route=\/wp\/v2\/pages"}],"about":[{"href":"https:\/\/www.hospizgruppe-donau-ries.de\/index.php?rest_route=\/wp\/v2\/types\/page"}],"author":[{"embeddable":true,"href":"https:\/\/www.hospizgruppe-donau-ries.de\/index.php?rest_route=\/wp\/v2\/users\/1"}],"replies":[{"embeddable":true,"href":"https:\/\/www.hospizgruppe-donau-ries.de\/index.php?rest_route=%2Fwp%2Fv2%2Fcomments&post=10220"}],"version-history":[{"count":21,"href":"https:\/\/www.hospizgruppe-donau-ries.de\/index.php?rest_route=\/wp\/v2\/pages\/10220\/revisions"}],"predecessor-version":[{"id":11544,"href":"https:\/\/www.hospizgruppe-donau-ries.de\/index.php?rest_route=\/wp\/v2\/pages\/10220\/revisions\/11544"}],"up":[{"embeddable":true,"href":"https:\/\/www.hospizgruppe-donau-ries.de\/index.php?rest_route=\/wp\/v2\/pages\/10593"}],"wp:attachment":[{"href":"https:\/\/www.hospizgruppe-donau-ries.de\/index.php?rest_route=%2Fwp%2Fv2%2Fmedia&parent=10220"}],"curies":[{"name":"wp","href":"https:\/\/api.w.org\/{rel}","templated":true}]}}